{"id":1372,"date":"2024-06-21T20:07:41","date_gmt":"2024-06-21T20:07:41","guid":{"rendered":"https:\/\/arppatechnologies.com\/?page_id=1372"},"modified":"2025-06-19T09:32:19","modified_gmt":"2025-06-19T09:32:19","slug":"inicio","status":"publish","type":"page","link":"https:\/\/arppatechnologies.com\/pt\/","title":{"rendered":"In\u00edcio"},"content":{"rendered":"<div data-elementor-type=\"wp-page\" data-elementor-id=\"1372\" class=\"elementor elementor-1372\" data-elementor-post-type=\"page\">\n\t\t\t\t<div class=\"elementor-element elementor-element-581947a e-flex e-con-boxed e-con e-parent\" data-id=\"581947a\" data-element_type=\"container\" data-settings=\"{&quot;background_background&quot;:&quot;gradient&quot;}\">\n\t\t\t\t\t<div class=\"e-con-inner\">\n\t\t<div class=\"elementor-element elementor-element-47da212 e-con-full e-flex e-con e-child\" data-id=\"47da212\" data-element_type=\"container\">\n\t\t<div class=\"elementor-element elementor-element-bf3e001 e-con-full e-flex e-con e-child\" data-id=\"bf3e001\" data-element_type=\"container\">\n\t\t\t\t<div class=\"elementor-element elementor-element-4edb04c animated-fast e-transform elementor-invisible elementor-widget elementor-widget-heading\" data-id=\"4edb04c\" data-element_type=\"widget\" data-settings=\"{&quot;_animation&quot;:&quot;fadeIn&quot;,&quot;_transform_scale_effect&quot;:{&quot;unit&quot;:&quot;px&quot;,&quot;size&quot;:1,&quot;sizes&quot;:[]},&quot;_transform_scale_effect_mobile&quot;:{&quot;unit&quot;:&quot;px&quot;,&quot;size&quot;:1.2,&quot;sizes&quot;:[]},&quot;_transform_scale_effect_laptop&quot;:{&quot;unit&quot;:&quot;px&quot;,&quot;size&quot;:&quot;&quot;,&quot;sizes&quot;:[]},&quot;_transform_scale_effect_tablet&quot;:{&quot;unit&quot;:&quot;px&quot;,&quot;size&quot;:&quot;&quot;,&quot;sizes&quot;:[]}}\" data-widget_type=\"heading.default\">\n\t\t\t\t<div class=\"elementor-widget-container\">\n\t\t\t\t\t<h1 class=\"elementor-heading-title elementor-size-default\">ARPPA<\/h1>\t\t\t\t<\/div>\n\t\t\t\t<\/div>\n\t\t\t\t<div class=\"elementor-element elementor-element-d458efe animated-fast elementor-invisible elementor-widget elementor-widget-heading\" data-id=\"d458efe\" data-element_type=\"widget\" data-settings=\"{&quot;_animation&quot;:&quot;fadeInDown&quot;}\" data-widget_type=\"heading.default\">\n\t\t\t\t<div class=\"elementor-widget-container\">\n\t\t\t\t\t<h2 class=\"elementor-heading-title elementor-size-default\">Levamos pessoas onde<\/h2>\t\t\t\t<\/div>\n\t\t\t\t<\/div>\n\t\t\t\t<div class=\"elementor-element elementor-element-fb53792 animated-fast elementor-invisible elementor-widget elementor-widget-elementskit-heading\" data-id=\"fb53792\" data-element_type=\"widget\" data-settings=\"{&quot;_animation&quot;:&quot;fadeInDown&quot;}\" data-widget_type=\"elementskit-heading.default\">\n\t\t\t\t<div class=\"elementor-widget-container\">\n\t\t\t\t\t<div class=\"ekit-wid-con\" ><div class=\"ekit-heading elementskit-section-title-wraper text_center   ekit_heading_tablet-   ekit_heading_mobile-\"><h2 class=\"ekit-heading--title elementskit-section-title\">elas s\u00e3o necess\u00e1rias<\/h2><h3 class=\"ekit-heading--subtitle elementskit-section-subtitle\">\n\t\t\t\t\t\t#1 No mundo em Agentes Remotos\n\t\t\t\t\t<\/h3><\/div><\/div>\t\t\t\t<\/div>\n\t\t\t\t<\/div>\n\t\t\t\t<div class=\"elementor-element elementor-element-381838a elementor-widget-divider--view-line elementor-widget elementor-widget-divider\" data-id=\"381838a\" data-element_type=\"widget\" data-widget_type=\"divider.default\">\n\t\t\t\t<div class=\"elementor-widget-container\">\n\t\t\t\t\t\t\t<div class=\"elementor-divider\">\n\t\t\t<span class=\"elementor-divider-separator\">\n\t\t\t\t\t\t<\/span>\n\t\t<\/div>\n\t\t\t\t\t\t<\/div>\n\t\t\t\t<\/div>\n\t\t\t\t<\/div>\n\t\t\t\t<div class=\"elementor-element elementor-element-9a172a4 e-transform elementor-widget elementor-widget-image-carousel\" data-id=\"9a172a4\" data-element_type=\"widget\" data-settings=\"{&quot;navigation&quot;:&quot;none&quot;,&quot;_transform_scale_effect&quot;:{&quot;unit&quot;:&quot;px&quot;,&quot;size&quot;:0.8,&quot;sizes&quot;:[]},&quot;autoplay&quot;:&quot;yes&quot;,&quot;pause_on_hover&quot;:&quot;yes&quot;,&quot;pause_on_interaction&quot;:&quot;yes&quot;,&quot;autoplay_speed&quot;:5000,&quot;infinite&quot;:&quot;yes&quot;,&quot;speed&quot;:500,&quot;_transform_scale_effect_laptop&quot;:{&quot;unit&quot;:&quot;px&quot;,&quot;size&quot;:&quot;&quot;,&quot;sizes&quot;:[]},&quot;_transform_scale_effect_tablet&quot;:{&quot;unit&quot;:&quot;px&quot;,&quot;size&quot;:&quot;&quot;,&quot;sizes&quot;:[]},&quot;_transform_scale_effect_mobile&quot;:{&quot;unit&quot;:&quot;px&quot;,&quot;size&quot;:&quot;&quot;,&quot;sizes&quot;:[]}}\" data-widget_type=\"image-carousel.default\">\n\t\t\t\t<div class=\"elementor-widget-container\">\n\t\t\t\t\t\t\t<div class=\"elementor-image-carousel-wrapper swiper\" role=\"region\" aria-roledescription=\"carousel\" aria-label=\"Carrossel de imagens\" dir=\"ltr\">\n\t\t\t<div class=\"elementor-image-carousel swiper-wrapper\" aria-live=\"off\">\n\t\t\t\t\t\t\t\t<div class=\"swiper-slide\" role=\"group\" aria-roledescription=\"slide\" aria-label=\"1 de 9\"><figure class=\"swiper-slide-inner\"><img decoding=\"async\" class=\"swiper-slide-image\" src=\"https:\/\/arppatechnologies.com\/wp-content\/uploads\/2024\/07\/Logo_Renfe_rescaled-1-300x128.png\" alt=\"Logotipo Renfe, cliente ARPPA Technologies em solu\u00e7\u00f5es de atendimento remoto\" title=\"\"><\/figure><\/div><div class=\"swiper-slide\" role=\"group\" aria-roledescription=\"slide\" aria-label=\"2 de 9\"><figure class=\"swiper-slide-inner\"><img decoding=\"async\" class=\"swiper-slide-image\" src=\"https:\/\/arppatechnologies.com\/wp-content\/uploads\/2024\/07\/Logo_Alsa_rescaled-1-300x128.png\" alt=\"Logotipo Alsa, cliente ARPPA Technologies em solu\u00e7\u00f5es de atendimento remoto\" title=\"\"><\/figure><\/div><div class=\"swiper-slide\" role=\"group\" aria-roledescription=\"slide\" aria-label=\"3 de 9\"><figure class=\"swiper-slide-inner\"><img decoding=\"async\" class=\"swiper-slide-image\" src=\"https:\/\/arppatechnologies.com\/wp-content\/uploads\/2024\/07\/Logo_MobilityADO_rescaled-1-300x128.png\" alt=\"Logotipo da Mobility ADO, cliente da ARPPA Technologies em solu\u00e7\u00f5es de atendimento remoto\" title=\"\"><\/figure><\/div><div class=\"swiper-slide\" role=\"group\" aria-roledescription=\"slide\" aria-label=\"4 de 9\"><figure class=\"swiper-slide-inner\"><img decoding=\"async\" class=\"swiper-slide-image\" src=\"https:\/\/arppatechnologies.com\/wp-content\/uploads\/2024\/07\/Logo_Avanza_rescaled-1-300x128.png\" alt=\"Logotipo da Avanza, cliente da ARPPA Technologies em solu\u00e7\u00f5es de atendimento remoto\" title=\"\"><\/figure><\/div><div class=\"swiper-slide\" role=\"group\" aria-roledescription=\"slide\" aria-label=\"5 de 9\"><figure class=\"swiper-slide-inner\"><img decoding=\"async\" class=\"swiper-slide-image\" src=\"https:\/\/arppatechnologies.com\/wp-content\/uploads\/2024\/07\/Logo_Samar_rescaled-1-300x128.png\" alt=\"Logotipo da Samar, cliente da ARPPA Technologies em solu\u00e7\u00f5es de atendimento remoto\" title=\"\"><\/figure><\/div><div class=\"swiper-slide\" role=\"group\" aria-roledescription=\"slide\" aria-label=\"6 de 9\"><figure class=\"swiper-slide-inner\"><img decoding=\"async\" class=\"swiper-slide-image\" src=\"https:\/\/arppatechnologies.com\/wp-content\/uploads\/2024\/07\/Logo_FredOlsen_rescaled-1-300x128.png\" alt=\"Logotipo de Fred Olsen, cliente da ARPPA Technologies em solu\u00e7\u00f5es de atendimento remoto\" title=\"\"><\/figure><\/div><div class=\"swiper-slide\" role=\"group\" aria-roledescription=\"slide\" aria-label=\"7 de 9\"><figure class=\"swiper-slide-inner\"><img decoding=\"async\" class=\"swiper-slide-image\" src=\"https:\/\/arppatechnologies.com\/wp-content\/uploads\/2024\/07\/Logo_SeatMo_rescaled-1-300x128.png\" alt=\"Logotipo da Seat Mo, cliente da ARPPA Technologies em solu\u00e7\u00f5es de atendimento remoto\" title=\"\"><\/figure><\/div><div class=\"swiper-slide\" role=\"group\" aria-roledescription=\"slide\" aria-label=\"8 de 9\"><figure class=\"swiper-slide-inner\"><img decoding=\"async\" class=\"swiper-slide-image\" src=\"https:\/\/arppatechnologies.com\/wp-content\/uploads\/2024\/07\/Logo_Liberbank_rescaled-1-300x128.png\" alt=\"Logotipo do Liberbank, cliente da ARPPA Technologies em solu\u00e7\u00f5es de atendimento remoto\" title=\"\"><\/figure><\/div><div class=\"swiper-slide\" role=\"group\" aria-roledescription=\"slide\" aria-label=\"9 de 9\"><figure class=\"swiper-slide-inner\"><img decoding=\"async\" class=\"swiper-slide-image\" src=\"https:\/\/arppatechnologies.com\/wp-content\/uploads\/2024\/07\/Logo_Principado_rescaled-1-300x128.png\" alt=\"Log\u00f3tipo do Principado das Ast\u00farias, cliente da ARPPA Technologies em solu\u00e7\u00f5es de atendimento remoto\" title=\"\"><\/figure><\/div>\t\t\t<\/div>\n\t\t\t\t\t\t\t\n\t\t\t\t\t\t\t\t\t<\/div>\n\t\t\t\t\t\t<\/div>\n\t\t\t\t<\/div>\n\t\t\t\t<\/div>\n\t\t\t\t\t<\/div>\n\t\t\t\t<\/div>\n\t\t\t\t<section class=\"elementor-section elementor-top-section elementor-element elementor-element-da66f80 elementor-section-boxed elementor-section-height-default elementor-section-height-default\" data-id=\"da66f80\" data-element_type=\"section\" data-settings=\"{&quot;background_background&quot;:&quot;classic&quot;}\">\n\t\t\t\t\t\t\t<div class=\"elementor-background-overlay\"><\/div>\n\t\t\t\t\t\t\t<div class=\"elementor-container elementor-column-gap-default\">\n\t\t\t\t\t<div class=\"elementor-column elementor-col-50 elementor-top-column elementor-element elementor-element-22fa93f\" data-id=\"22fa93f\" data-element_type=\"column\">\n\t\t\t<div class=\"elementor-widget-wrap elementor-element-populated\">\n\t\t\t\t\t\t<div class=\"elementor-element elementor-element-e395f63 elementor-widget elementor-widget-image\" data-id=\"e395f63\" data-element_type=\"widget\" data-settings=\"{&quot;motion_fx_motion_fx_scrolling&quot;:&quot;yes&quot;,&quot;motion_fx_translateY_effect&quot;:&quot;yes&quot;,&quot;motion_fx_translateY_speed&quot;:{&quot;unit&quot;:&quot;px&quot;,&quot;size&quot;:1.5,&quot;sizes&quot;:[]},&quot;motion_fx_translateY_affectedRange&quot;:{&quot;unit&quot;:&quot;%&quot;,&quot;size&quot;:&quot;&quot;,&quot;sizes&quot;:{&quot;start&quot;:0,&quot;end&quot;:100}},&quot;motion_fx_devices&quot;:[&quot;desktop&quot;,&quot;laptop&quot;,&quot;tablet&quot;,&quot;mobile&quot;]}\" data-widget_type=\"image.default\">\n\t\t\t\t<div class=\"elementor-widget-container\">\n\t\t\t\t\t\t\t\t\t\t\t\t\t\t\t<img fetchpriority=\"high\" decoding=\"async\" width=\"800\" height=\"904\" src=\"https:\/\/arppatechnologies.com\/wp-content\/uploads\/2024\/08\/Operadora-1-906x1024.jpg\" class=\"attachment-large size-large wp-image-4338\" alt=\"Operadora da Arppa Technologies atendendo chamadas de uma \u00e1rea de trabalho remota\" srcset=\"https:\/\/arppatechnologies.com\/wp-content\/uploads\/2024\/08\/Operadora-1-906x1024.jpg 906w, https:\/\/arppatechnologies.com\/wp-content\/uploads\/2024\/08\/Operadora-1-266x300.jpg 266w, https:\/\/arppatechnologies.com\/wp-content\/uploads\/2024\/08\/Operadora-1-768x868.jpg 768w, https:\/\/arppatechnologies.com\/wp-content\/uploads\/2024\/08\/Operadora-1.jpg 1126w\" sizes=\"(max-width: 800px) 100vw, 800px\" title=\"\">\t\t\t\t\t\t\t\t\t\t\t\t\t\t\t<\/div>\n\t\t\t\t<\/div>\n\t\t\t\t<section class=\"elementor-section elementor-inner-section elementor-element elementor-element-c07d0c0 elementor-section-boxed elementor-section-height-default elementor-section-height-default\" data-id=\"c07d0c0\" data-element_type=\"section\">\n\t\t\t\t\t\t<div class=\"elementor-container elementor-column-gap-default\">\n\t\t\t\t\t<div class=\"elementor-column elementor-col-50 elementor-inner-column elementor-element elementor-element-76f99ea\" data-id=\"76f99ea\" data-element_type=\"column\" data-settings=\"{&quot;background_background&quot;:&quot;classic&quot;}\">\n\t\t\t<div class=\"elementor-widget-wrap elementor-element-populated\">\n\t\t\t\t\t\t<div class=\"elementor-element elementor-element-513ffbc e-transform elementor-position-top elementor-invisible elementor-widget elementor-widget-image-box\" data-id=\"513ffbc\" data-element_type=\"widget\" data-settings=\"{&quot;_animation&quot;:&quot;fadeInLeft&quot;,&quot;_transform_scale_effect&quot;:{&quot;unit&quot;:&quot;px&quot;,&quot;size&quot;:&quot;&quot;,&quot;sizes&quot;:[]},&quot;_transform_scale_effect_laptop&quot;:{&quot;unit&quot;:&quot;px&quot;,&quot;size&quot;:&quot;&quot;,&quot;sizes&quot;:[]},&quot;_transform_scale_effect_tablet&quot;:{&quot;unit&quot;:&quot;px&quot;,&quot;size&quot;:&quot;&quot;,&quot;sizes&quot;:[]},&quot;_transform_scale_effect_mobile&quot;:{&quot;unit&quot;:&quot;px&quot;,&quot;size&quot;:&quot;&quot;,&quot;sizes&quot;:[]}}\" data-widget_type=\"image-box.default\">\n\t\t\t\t<div class=\"elementor-widget-container\">\n\t\t\t\t\t<div class=\"elementor-image-box-wrapper\"><figure class=\"elementor-image-box-img\"><img decoding=\"async\" width=\"300\" height=\"300\" src=\"https:\/\/arppatechnologies.com\/wp-content\/uploads\/2024\/06\/24-300x300.png\" class=\"attachment-medium size-medium wp-image-208\" alt=\"\u00edcone de garantia de qualidade, representando o atendimento ao cliente da ARPPA Technologies.\" title=\"\" srcset=\"https:\/\/arppatechnologies.com\/wp-content\/uploads\/2024\/06\/24-300x300.png 300w, https:\/\/arppatechnologies.com\/wp-content\/uploads\/2024\/06\/24-150x150.png 150w, https:\/\/arppatechnologies.com\/wp-content\/uploads\/2024\/06\/24.png 700w\" sizes=\"(max-width: 300px) 100vw, 300px\" \/><\/figure><div class=\"elementor-image-box-content\"><p class=\"elementor-image-box-title\">100% Servi\u00e7o<\/p><p class=\"elementor-image-box-description\">Qualidade e garantia<\/p><\/div><\/div>\t\t\t\t<\/div>\n\t\t\t\t<\/div>\n\t\t\t\t\t<\/div>\n\t\t<\/div>\n\t\t\t\t<div class=\"elementor-column elementor-col-50 elementor-inner-column elementor-element elementor-element-274cea0\" data-id=\"274cea0\" data-element_type=\"column\">\n\t\t\t<div class=\"elementor-widget-wrap elementor-element-populated\">\n\t\t\t\t\t\t<div class=\"elementor-element elementor-element-381c669 elementor-position-left animated-slow e-transform elementor-position-left elementor-vertical-align-top elementor-vertical-align-top elementor-invisible elementor-widget elementor-widget-image-box\" data-id=\"381c669\" data-element_type=\"widget\" data-settings=\"{&quot;_animation&quot;:&quot;fadeIn&quot;,&quot;_transform_scale_effect&quot;:{&quot;unit&quot;:&quot;px&quot;,&quot;size&quot;:1,&quot;sizes&quot;:[]},&quot;_animation_laptop&quot;:&quot;fadeIn&quot;,&quot;_transform_scale_effect_laptop&quot;:{&quot;unit&quot;:&quot;px&quot;,&quot;size&quot;:&quot;&quot;,&quot;sizes&quot;:[]},&quot;_transform_scale_effect_tablet&quot;:{&quot;unit&quot;:&quot;px&quot;,&quot;size&quot;:&quot;&quot;,&quot;sizes&quot;:[]},&quot;_transform_scale_effect_mobile&quot;:{&quot;unit&quot;:&quot;px&quot;,&quot;size&quot;:&quot;&quot;,&quot;sizes&quot;:[]}}\" data-widget_type=\"image-box.default\">\n\t\t\t\t<div class=\"elementor-widget-container\">\n\t\t\t\t\t<div class=\"elementor-image-box-wrapper\"><figure class=\"elementor-image-box-img\"><a href=\"https:\/\/arppatechnologies.com\/pt\/contacto\/\" tabindex=\"-1\"><img decoding=\"async\" width=\"700\" height=\"700\" src=\"https:\/\/arppatechnologies.com\/wp-content\/uploads\/2024\/06\/28-1.png\" class=\"attachment-full size-full wp-image-209\" alt=\"\u00cdcone de aten\u00e7\u00e3o 24 horas por dia, 7 dias por semana, representando o servi\u00e7o cont\u00ednuo da ARPPA Technologies.\" title=\"\" srcset=\"https:\/\/arppatechnologies.com\/wp-content\/uploads\/2024\/06\/28-1.png 700w, https:\/\/arppatechnologies.com\/wp-content\/uploads\/2024\/06\/28-1-300x300.png 300w, https:\/\/arppatechnologies.com\/wp-content\/uploads\/2024\/06\/28-1-150x150.png 150w\" sizes=\"(max-width: 700px) 100vw, 700px\" \/><\/a><\/figure><div class=\"elementor-image-box-content\"><p class=\"elementor-image-box-title\"><a href=\"https:\/\/arppatechnologies.com\/pt\/contacto\/\">24h<\/a><\/p><p class=\"elementor-image-box-description\">7 dias por semana<\/p><\/div><\/div>\t\t\t\t<\/div>\n\t\t\t\t<\/div>\n\t\t\t\t\t<\/div>\n\t\t<\/div>\n\t\t\t\t\t<\/div>\n\t\t<\/section>\n\t\t\t\t\t<\/div>\n\t\t<\/div>\n\t\t\t\t<div class=\"elementor-column elementor-col-50 elementor-top-column elementor-element elementor-element-e21811f\" data-id=\"e21811f\" data-element_type=\"column\">\n\t\t\t<div class=\"elementor-widget-wrap elementor-element-populated\">\n\t\t\t\t<div class=\"elementor-element elementor-element-c1e3abd e-con-full e-flex e-con e-parent\" data-id=\"c1e3abd\" data-element_type=\"container\">\n\t\t\t\t<div class=\"elementor-element elementor-element-d4d6e0c elementor-widget elementor-widget-heading\" data-id=\"d4d6e0c\" data-element_type=\"widget\" data-widget_type=\"heading.default\">\n\t\t\t\t<div class=\"elementor-widget-container\">\n\t\t\t\t\t<p class=\"elementor-heading-title elementor-size-default\">SISTEMA ARPPA<\/p>\t\t\t\t<\/div>\n\t\t\t\t<\/div>\n\t\t\t\t<div class=\"elementor-element elementor-element-16655bd elementor-widget elementor-widget-elementskit-heading\" data-id=\"16655bd\" data-element_type=\"widget\" data-widget_type=\"elementskit-heading.default\">\n\t\t\t\t<div class=\"elementor-widget-container\">\n\t\t\t\t\t<div class=\"ekit-wid-con\" ><div class=\"ekit-heading elementskit-section-title-wraper text_left   ekit_heading_tablet-   ekit_heading_mobile-text_center\"><a href=\"https:\/\/arppatechnologies.com\/pt\/descricao-sistema-arppa\/\"><h2 class=\"ekit-heading--title elementskit-section-title\">Sistema ARPPA<\/h2><\/a><\/div><\/div>\t\t\t\t<\/div>\n\t\t\t\t<\/div>\n\t\t\t\t<div class=\"elementor-element elementor-element-25cc7af elementor-widget-mobile__width-initial elementor-widget elementor-widget-heading\" data-id=\"25cc7af\" data-element_type=\"widget\" data-widget_type=\"heading.default\">\n\t\t\t\t<div class=\"elementor-widget-container\">\n\t\t\t\t\t<h3 class=\"elementor-heading-title elementor-size-default\">O sistema ARPPA permite transportar pessoas, onde se precisam de pessoas. <\/h3>\t\t\t\t<\/div>\n\t\t\t\t<\/div>\n\t\t\t\t<div class=\"elementor-element elementor-element-19ff7fe elementor-widget elementor-widget-text-editor\" data-id=\"19ff7fe\" data-element_type=\"widget\" data-widget_type=\"text-editor.default\">\n\t\t\t\t<div class=\"elementor-widget-container\">\n\t\t\t\t\t\t\t\t\t<ul>\n<li>Ao longo dos \u00faltimos 15 anos, ARPPA TECHNOLOGIES desenvolveu o sistema ARPPA (Agentes Remotos para Pontos Presenciais de Atendimento), atrav\u00e9s do qual um agente remoto pode executar opera\u00e7\u00f5es e processos de forma direta sobre um terminal instalado em qualquer lugar, fornecendo todo o tipo de servi\u00e7os e solu\u00e7\u00f5es para o cliente final. Nosso sistema tem um design exclusivo protegido por patente e modelos de utilidade, o qual foi desenvolvido para diferentes setores, como transporte, servi\u00e7os banc\u00e1rios e administra\u00e7\u00e3o p\u00fablica.<\/li>\n<\/ul>\t\t\t\t\t\t\t\t<\/div>\n\t\t\t\t<\/div>\n\t\t\t\t<\/div>\n\t\t\t\t\t<\/div>\n\t\t<\/div>\n\t\t\t\t\t<\/div>\n\t\t<\/section>\n\t\t<div class=\"elementor-element elementor-element-1ecd5d4 e-flex e-con-boxed e-con e-parent\" data-id=\"1ecd5d4\" data-element_type=\"container\">\n\t\t\t\t\t<div class=\"e-con-inner\">\n\t\t\t\t\t<\/div>\n\t\t\t\t<\/div>\n\t\t<div class=\"elementor-element elementor-element-6e6203e e-con-full e-flex e-con e-parent\" data-id=\"6e6203e\" data-element_type=\"container\">\n\t\t\t\t<div class=\"elementor-element elementor-element-a0d8153 elementor-widget__width-inherit elementor-invisible elementor-widget elementor-widget-image\" data-id=\"a0d8153\" data-element_type=\"widget\" data-settings=\"{&quot;_animation&quot;:&quot;slideInLeft&quot;}\" data-widget_type=\"image.default\">\n\t\t\t\t<div class=\"elementor-widget-container\">\n\t\t\t\t\t\t\t\t\t\t\t\t\t\t\t\t<a href=\"https:\/\/arppatechnologies.com\/pt\/casos-de-sucesso\/\">\n\t\t\t\t\t\t\t<img loading=\"lazy\" decoding=\"async\" width=\"2308\" height=\"540\" src=\"https:\/\/arppatechnologies.com\/wp-content\/uploads\/2025\/06\/TERMINALES_ARPPA.png\" class=\"attachment-full size-full wp-image-7847\" alt=\"-\" srcset=\"https:\/\/arppatechnologies.com\/wp-content\/uploads\/2025\/06\/TERMINALES_ARPPA.png 2308w, https:\/\/arppatechnologies.com\/wp-content\/uploads\/2025\/06\/TERMINALES_ARPPA-300x70.png 300w, https:\/\/arppatechnologies.com\/wp-content\/uploads\/2025\/06\/TERMINALES_ARPPA-1024x240.png 1024w, https:\/\/arppatechnologies.com\/wp-content\/uploads\/2025\/06\/TERMINALES_ARPPA-768x180.png 768w, https:\/\/arppatechnologies.com\/wp-content\/uploads\/2025\/06\/TERMINALES_ARPPA-1536x359.png 1536w, https:\/\/arppatechnologies.com\/wp-content\/uploads\/2025\/06\/TERMINALES_ARPPA-2048x479.png 2048w, https:\/\/arppatechnologies.com\/wp-content\/uploads\/2025\/06\/TERMINALES_ARPPA-18x4.png 18w\" sizes=\"(max-width: 2308px) 100vw, 2308px\" title=\"\">\t\t\t\t\t\t\t\t<\/a>\n\t\t\t\t\t\t\t\t\t\t\t\t\t\t\t<\/div>\n\t\t\t\t<\/div>\n\t\t\t\t<\/div>\n\t\t\t\t<\/div>","protected":false},"excerpt":{"rendered":"<p>ARPPA Levamos pessoas onde as pessoas s\u00e3o necess\u00e1rias #1 No mundo em Agentes Remotos 100% Servi\u00e7o Qualidade e garantia 24 horas por dia, 7 dias por semana SISTEMA ARPPA Sistema ARPPA O sistema ARPPA permite que as pessoas sejam levadas onde s\u00e3o necess\u00e1rias. Nos \u00faltimos 15 anos, a ARPPA TECHNOLOGIES desenvolveu o sistema ARPPA (Agentes [\u2026]<\/p>","protected":false},"author":1,"featured_media":0,"parent":0,"menu_order":0,"comment_status":"closed","ping_status":"closed","template":"","meta":{"footnotes":""},"class_list":["post-1372","page","type-page","status-publish","hentry"],"_links":{"self":[{"href":"https:\/\/arppatechnologies.com\/pt\/wp-json\/wp\/v2\/pages\/1372","targetHints":{"allow":["GET"]}}],"collection":[{"href":"https:\/\/arppatechnologies.com\/pt\/wp-json\/wp\/v2\/pages"}],"about":[{"href":"https:\/\/arppatechnologies.com\/pt\/wp-json\/wp\/v2\/types\/page"}],"author":[{"embeddable":true,"href":"https:\/\/arppatechnologies.com\/pt\/wp-json\/wp\/v2\/users\/1"}],"replies":[{"embeddable":true,"href":"https:\/\/arppatechnologies.com\/pt\/wp-json\/wp\/v2\/comments?post=1372"}],"version-history":[{"count":9,"href":"https:\/\/arppatechnologies.com\/pt\/wp-json\/wp\/v2\/pages\/1372\/revisions"}],"predecessor-version":[{"id":7853,"href":"https:\/\/arppatechnologies.com\/pt\/wp-json\/wp\/v2\/pages\/1372\/revisions\/7853"}],"wp:attachment":[{"href":"https:\/\/arppatechnologies.com\/pt\/wp-json\/wp\/v2\/media?parent=1372"}],"curies":[{"name":"wp","href":"https:\/\/api.w.org\/{rel}","templated":true}]}}