{"id":7187,"date":"2024-09-13T09:26:04","date_gmt":"2024-09-13T09:26:04","guid":{"rendered":"https:\/\/arppatechnologies.com\/?page_id=7187"},"modified":"2024-09-17T22:02:19","modified_gmt":"2024-09-17T22:02:19","slug":"politica-de-privacidad","status":"publish","type":"page","link":"https:\/\/arppatechnologies.com\/it\/politica-sulla-privacy\/","title":{"rendered":"politica sulla riservatezza"},"content":{"rendered":"<div data-elementor-type=\"wp-page\" data-elementor-id=\"7187\" class=\"elementor elementor-7187\" data-elementor-post-type=\"page\">\n\t\t\t\t<div class=\"elementor-element elementor-element-746309d e-flex e-con-boxed e-con e-parent\" data-id=\"746309d\" data-element_type=\"container\" data-settings=\"{&quot;background_background&quot;:&quot;classic&quot;}\">\n\t\t\t\t\t<div class=\"e-con-inner\">\n\t\t<div class=\"elementor-element elementor-element-a6a551d e-con-full e-flex e-con e-child\" data-id=\"a6a551d\" data-element_type=\"container\">\n\t\t\t\t<div class=\"elementor-element elementor-element-20c5a64 elementor-widget elementor-widget-heading\" data-id=\"20c5a64\" data-element_type=\"widget\" data-widget_type=\"heading.default\">\n\t\t\t\t<div class=\"elementor-widget-container\">\n\t\t\t\t\t<h1 class=\"elementor-heading-title elementor-size-default\">Privacy policy Del Sito<\/h1>\t\t\t\t<\/div>\n\t\t\t\t<\/div>\n\t\t\t\t<div class=\"elementor-element elementor-element-b30e41b elementor-widget elementor-widget-heading\" data-id=\"b30e41b\" data-element_type=\"widget\" data-widget_type=\"heading.default\">\n\t\t\t\t<div class=\"elementor-widget-container\">\n\t\t\t\t\t<p class=\"elementor-heading-title elementor-size-default\"><a href=\"https:\/\/arppatechnologies.com\/it\/\">https:\/\/arppatechnologies.com<\/a><\/p>\t\t\t\t<\/div>\n\t\t\t\t<\/div>\n\t\t\t\t<\/div>\n\t\t\t\t\t<\/div>\n\t\t\t\t<\/div>\n\t\t<div class=\"elementor-element elementor-element-4a9a365c e-flex e-con-boxed e-con e-parent\" data-id=\"4a9a365c\" data-element_type=\"container\">\n\t\t\t\t\t<div class=\"e-con-inner\">\n\t\t\t\t<div class=\"elementor-element elementor-element-7b488545 elementor-widget elementor-widget-text-editor\" data-id=\"7b488545\" data-element_type=\"widget\" data-widget_type=\"text-editor.default\">\n\t\t\t\t<div class=\"elementor-widget-container\">\n\t\t\t\t\t\t\t\t\t<h2>I. la POLITICA di PRIVACY E PROTEZIONE dei DATI<\/h2>\n<p>In conformit\u00e0 con la legislazione in vigore, ARPPA TECHNOLOGIES, ltd. (di seguito anche &#034;Sito Web&#034;), si impegna ad adottare le necessarie misure tecniche ed organizzative, a seconda del livello di sicurezza adeguato al rischio che i dati raccolti.<\/p>\n<h3>Legge applicabile<\/h3>\n<p>Questa privacy policy \u00e8 adattato alla legge spagnola e europea in vigore in materia di protezione dei dati personali su internet. In particolare, \u00e8 conforme ai seguenti standard:<\/p>\n<ul>\n<li>Regolamento (UE) 2016\/679 del Parlamento Europeo e del Consiglio, del 27 aprile 2016, concernente la tutela delle persone fisiche con riguardo al trattamento dei dati personali, nonch\u00e9 alla libera circolazione di tali dati (RGPD).<\/li>\n<li>La legge organica 3\/2018, del 5 dicembre, sulla Protezione dei Dati Personali e di garanzia dei diritti digitali (LOPD-GDD).<\/li>\n<li>Regio Decreto 1720\/2007, del 21 dicembre, che approva il Regolamento di sviluppo della Legge Organica 15\/1999, del 13 dicembre, di Protezione dei Dati Personali (RDLOPD).<\/li>\n<li>Legge 34\/2002, del 11 luglio, sui Servizi della Societ\u00e0 dell&#039;Informazione e Commercio Elettronico (LSSI-CE).<\/li>\n<\/ul>\n<h2>II. IDENTIT\u00c0 DEL RESPONSABILE DEL TRATTAMENTO<\/h2>\n<p>Il titolare del trattamento dei dati raccolti tramite questo Sito \u00e8:<\/p>\n<ul>\n<li>ARPPA TECNOLOGIE, SL<\/li>\n<li>Indirizzo: C\/Llano Ponte, 28, Sotto \u2013 33011 Oviedo (Asturias), Spagna<\/li>\n<li>Contatto telefonico: (+34) 985 20 56 51<\/li>\n<li>E-mail: comitedeseguridad@arppalogic.com<\/li>\n<\/ul>\n<h2>III. INFORMAZIONI CHE RACCOGLIAMO<\/h2>\n<p>Raccogliamo i dati personali nei seguenti casi:<\/p>\n<ol>\n<li><strong>Informazioni di contatto<\/strong>: Nome, e-mail, numero di telefono, indirizzo e altre informazioni fornite sui moduli di contatto.<\/li>\n<li><strong>Dati di navigazione<\/strong>: I dati raccolti tramite i cookie e tecnologie simili, come ad esempio indirizzo IP, tipo di browser, sistema operativo, l&#039;URL di riferimento, il tempo di accesso e delle pagine viste.<\/li>\n<li><strong>Uso di strumenti di terze parti<\/strong>: Utilizziamo i servizi di analisi di terze parti come Google Analytics e Microsoft Chiarezza, che raccolgono informazioni di navigazione e l&#039;utilizzo del sito web utilizza i cookie ci aiutano ad analizzare come gli utenti interagiscono con il Sito web.<\/li>\n<\/ol>\n<h2>IV. UTILIZZO DI COOKIES E STRUMENTI DI ANALISI<\/h2>\n<p>Questo Sito web utilizza Google Analytics e Microsoft Chiarezza per analizzare il comportamento degli utenti e per migliorare l&#039;esperienza online. Questi strumenti di raccolta di dati come ad esempio:<\/p>\n<ul>\n<li>Le pagine visitate e la durata della visita.<\/li>\n<li>Eventi specifici come i clic, lo scorrimento e la visualizzazione dei contenuti.<\/li>\n<li>Informazioni tecniche sul dispositivo dell&#039;utente (browser, risoluzione dello schermo, sistema operativo).<\/li>\n<\/ul>\n<p>I dati raccolti sono anonimi e non consentono l&#039;identificazione personale degli utenti diretti. Tuttavia, in alcuni casi, queste terze parti possono elaborare altri dati in conformit\u00e0 con le loro politiche sulla privacy:<\/p>\n<ul>\n<li>Privacy policy di Google Analytics<\/li>\n<li><a href=\"https:\/\/privacy.microsoft.com\/\" rel=\"nofollow noopener\" target=\"_blank\">Informativa sulla Privacy di Microsoft Chiarezza<\/a><\/li>\n<\/ul>\n<p>\u00c8 possibile disattivare l&#039;utilizzo dei cookie modificando le impostazioni del vostro browser, ma ci\u00f2 potrebbe compromettere la funzionalit\u00e0 del Sito web.<\/p>\n<h2>V. FINALIT\u00c0 del TRATTAMENTO dei DATI PERSONALI<\/h2>\n<p>I dati personali che raccogliamo sono utilizzate per le seguenti finalit\u00e0:<\/p>\n<ol>\n<li>Rispondere alle domande e fornire le informazioni richieste.<\/li>\n<li>Per migliorare la navigazione e le funzionalit\u00e0 del Sito Web tramite l&#039;utilizzo di strumenti di analisi.<\/li>\n<li>Obblighi di legge e proteggere i diritti legali di ARPPA TECNOLOGIE, SL<\/li>\n<li>Per finalit\u00e0 commerciali e di marketing: Se fornisci il tuo consenso, si pu\u00f2 inviare informazioni commerciali, in connessione con i nostri servizi.<\/li>\n<\/ol>\n<h2>VI. BASE GIURIDICA PER IL TRATTAMENTO<\/h2>\n<p>Il trattamento dei dati personali \u00e8 effettuato sulla base di:<\/p>\n<ol>\n<li><strong>Consenso<\/strong> (Art. 6(1)(a) RGPD): L&#039;utilizzo di cookie e strumenti di analisi richiede il consenso dell&#039;utente, che l&#039;utente pu\u00f2 revocare in qualsiasi momento.<\/li>\n<li><strong>Interessi legittimi<\/strong> (Art. 6(1)(f) RGPD): Per migliorare i nostri servizi e per capire meglio il comportamento dell&#039;utente sul Sito Web.<\/li>\n<li><strong>Rispetto degli obblighi di legge.<\/strong> (Art. 6(1)(c) RGPD): Quando il trattamento \u00e8 necessario per adempiere un obbligo legale.<\/li>\n<\/ol>\n<h2>VII. REGISTRAZIONE DI DATI PERSONALI<\/h2>\n<p>In conformit\u00e0 con quanto stabilito nel RGPD e LOPD-GDD, la informiamo che i dati personali raccolti da ARPPA TECNOLOGIE, SL, tramite i moduli presenti sul Sito saranno inseriti e trattati in un file sotto la nostra responsabilit\u00e0, al fine di facilitare, accelerare e rispettare gli impegni stabiliti tra ARPPA TECNOLOGIE, SL e l&#039;Utente o per la gestione delle richieste dell&#039;Utente.<\/p>\n<p>Inoltre, a meno che l&#039;applicazione della deroga di cui all&#039;articolo 30.5 della RGPD, mantiene un record di attivit\u00e0 di trasformazione dei dettagli fini e di altre circostanze applicabili ai dati personali trattati.<\/p>\n<p><strong>Principi applicabili al trattamento di dati personali:<\/strong><\/p>\n<p>ARPPA TECNOLOGIE, SL si impegna a rispettare i principi enunciati nell&#039;articolo 5 del RGPD e la Legge Organica 3\/2018, che comprendono:<\/p>\n<ul>\n<li><strong>Legalit\u00e0, lealt\u00e0 e trasparenza<\/strong>: Il consenso deve essere informato, chiaro ed esplicito.<\/li>\n<li><strong>La limitazione delle finalit\u00e0<\/strong>: I dati saranno trattati solo per le finalit\u00e0 specifiche per cui sono stati raccolti.<\/li>\n<li><strong>La minimizzazione dei dati<\/strong>: Raccogliamo solo i dati che sono assolutamente necessari.<\/li>\n<li><strong>Precisione<\/strong>: I dati personali devono essere esatti e aggiornati.<\/li>\n<li><strong>Limitazione del periodo di conservazione<\/strong>: I dati saranno conservati per il tempo necessario.<\/li>\n<li><strong>L&#039;integrit\u00e0 e la riservatezza<\/strong>: I dati saranno trattati in modo sicuro.<\/li>\n<li><strong>Responsabilit\u00e0 proattivo<\/strong>: ARPPA TECNOLOGIE, SL garantisce di rispondere a questi principi.<\/li>\n<\/ul>\n<p><strong>Categorie di dati personali:<\/strong><\/p>\n<p>Le categorie di dati trattati da ARPPA TECNOLOGIE, SL sono solo dati di tipo identificativo. Non trattata a categorie particolari di dati personali.<\/p>\n<h2>VIII. LA CONDIVISIONE DI INFORMAZIONI<\/h2>\n<p>Possiamo condividere le informazioni con i seguenti soggetti:<\/p>\n<ol>\n<li>I fornitori di servizi di analisi, Tra cui Google Analytics e Microsoft Chiarezza, per analizzare il comportamento dell&#039;utente sul Sito Web.<\/li>\n<li>Autorit\u00e0 giudiziaria: Quando \u00e8 necessario rispettare le leggi e i regolamenti.<\/li>\n<li>Affiliati e partner commerciali: Per le operazioni interne e \/ o attivit\u00e0 di marketing, con il consenso dell&#039;Utente.<\/li>\n<\/ol>\n<h2>IX. SICUREZZA DEI DATI<\/h2>\n<p>ARPPA TECNOLOGIE, SL si impegna ad adottare le necessarie misure tecniche e organizzative per garantire la sicurezza dei dati personali, anche con l&#039;attuazione di un certificato SSL per garantire la trasmissione cifrata dei dati.<\/p>\n<p>In caso di una violazione della sicurezza dei dati personali, ARPPA TECNOLOGIE, SL si impegna a informare l&#039;Utente, senza indebito ritardo.<\/p>\n<h2>X. DIRITTI DELL&#039;UTENTE<\/h2>\n<p>L&#039;Utente ha i seguenti diritti, che potrete esercitare inviando una mail a comitedeseguridad@arppalogic.com:<\/p>\n<ul>\n<li><strong>Diritto di accesso<\/strong>: Per sapere se ARPPA TECNOLOGIE, SL \u00e8 trattare i tuoi dati personali.<\/li>\n<li><strong>Diritto di rettifica<\/strong>: Richiesta di modifica dell&#039;dei dati inesatti o incompleti.<\/li>\n<li><strong>Diritto di cancellazione (&#034;diritto di essere dimenticati&#034;)<\/strong>: Richiedere la cancellazione dei propri dati, in alcuni casi.<\/li>\n<li><strong>Diritto di limitazione di trattamento<\/strong>: Limitare il trattamento in circostanze specifiche.<\/li>\n<li><strong>Diritto alla portabilit\u00e0 dei dati<\/strong>Ricevere i loro dati in un formato strutturato.<\/li>\n<li><strong>Diritto di opposizione<\/strong>: Opporsi al trattamento dei propri dati.<\/li>\n<li><strong>Diritto di non essere oggetto di decisioni automatizzate<\/strong>: Esclusi da decisioni basate unicamente su un trattamento automatizzato.<\/li>\n<\/ul>\n<h2>XI. IL PERIODO DI CONSERVAZIONE<\/h2>\n<p>Conserveremo i tuoi dati personali per il tempo necessario ad adempiere alle finalit\u00e0 descritte nella presente politica, o fino a quando \u00e8 richiesta la sua soppressione. I dati di navigazione sono conservati per un periodo massimo di 12 mesi.<\/p>\n<h2>XII. MINORENNI<\/h2>\n<p>Solo quelli con pi\u00f9 di 14 anni, pu\u00f2 dare il consenso al trattamento dei tuoi dati personali da ARPPA TECNOLOGIE, SL Se si tratta di un minore di 14 anni, sar\u00e0 necessario il consenso dei genitori o dei tutori.<\/p>\n<h2>XIII. CAMBIAMENTI NELLA PRIVACY POLICY<\/h2>\n<p>ARPPA TECNOLOGIE, SL si riserva il diritto di modificare la sua Politica sulla Privacy in conformit\u00e0 con i cambiamenti legislativi, giurisprudenziali o dottrinali. L&#039;Utente \u00e8 invitato a consultare periodicamente questa pagina.<\/p>\n<h2>XIV. CONTATTO<\/h2>\n<p>Se avete domande o dubbi circa la nostra Politica di Privacy, \u00e8 possibile contattarci tramite:<\/p>\n<ul>\n<li>E-mail: comitedeseguridad@arppalogic.com<\/li>\n<li>Telefono: (+34) 985 20 56 51<\/li>\n<li>Indirizzo postale: C\/Llano Ponte, 28, Sotto \u2013 33011 Oviedo (Asturias), Spagna<\/li>\n<\/ul>\n<p>\u00a0<\/p>\n<p>Ultimo aggiornamento: 13\/09\/2024<\/p>\n<p>\u00a0<\/p>\t\t\t\t\t\t\t\t<\/div>\n\t\t\t\t<\/div>\n\t\t\t\t\t<\/div>\n\t\t\t\t<\/div>\n\t\t\t\t<\/div>","protected":false},"excerpt":{"rendered":"<p>Pol\u00edtica de Privacidad Del Sitio Web https:\/\/arppatechnologies.com I. POL\u00cdTICA DE PRIVACIDAD Y PROTECCI\u00d3N DE DATOS Respetando lo establecido en la legislaci\u00f3n vigente, ARPPA TECHNOLOGIES, S.L. (en adelante, tambi\u00e9n \u00abSitio Web\u00bb) se compromete a adoptar las medidas t\u00e9cnicas y organizativas necesarias, seg\u00fan el nivel de seguridad adecuado al riesgo de los datos recogidos. Legislaci\u00f3n aplicable Esta [&hellip;]<\/p>","protected":false},"author":1,"featured_media":0,"parent":0,"menu_order":0,"comment_status":"closed","ping_status":"closed","template":"","meta":{"footnotes":""},"class_list":["post-7187","page","type-page","status-publish","hentry"],"_links":{"self":[{"href":"https:\/\/arppatechnologies.com\/it\/wp-json\/wp\/v2\/pages\/7187","targetHints":{"allow":["GET"]}}],"collection":[{"href":"https:\/\/arppatechnologies.com\/it\/wp-json\/wp\/v2\/pages"}],"about":[{"href":"https:\/\/arppatechnologies.com\/it\/wp-json\/wp\/v2\/types\/page"}],"author":[{"embeddable":true,"href":"https:\/\/arppatechnologies.com\/it\/wp-json\/wp\/v2\/users\/1"}],"replies":[{"embeddable":true,"href":"https:\/\/arppatechnologies.com\/it\/wp-json\/wp\/v2\/comments?post=7187"}],"version-history":[{"count":1,"href":"https:\/\/arppatechnologies.com\/it\/wp-json\/wp\/v2\/pages\/7187\/revisions"}],"predecessor-version":[{"id":7738,"href":"https:\/\/arppatechnologies.com\/it\/wp-json\/wp\/v2\/pages\/7187\/revisions\/7738"}],"wp:attachment":[{"href":"https:\/\/arppatechnologies.com\/it\/wp-json\/wp\/v2\/media?parent=7187"}],"curies":[{"name":"wp","href":"https:\/\/api.w.org\/{rel}","templated":true}]}}