{"id":7187,"date":"2024-09-13T09:26:04","date_gmt":"2024-09-13T09:26:04","guid":{"rendered":"https:\/\/arppatechnologies.com\/?page_id=7187"},"modified":"2024-09-17T22:02:19","modified_gmt":"2024-09-17T22:02:19","slug":"politica-de-privacidad","status":"publish","type":"page","link":"https:\/\/arppatechnologies.com\/fr\/politique-de-confidentialite\/","title":{"rendered":"politique de confidentialit\u00e9"},"content":{"rendered":"<div data-elementor-type=\"wp-page\" data-elementor-id=\"7187\" class=\"elementor elementor-7187\" data-elementor-post-type=\"page\">\n\t\t\t\t<div class=\"elementor-element elementor-element-746309d e-flex e-con-boxed e-con e-parent\" data-id=\"746309d\" data-element_type=\"container\" data-settings=\"{&quot;background_background&quot;:&quot;classic&quot;}\">\n\t\t\t\t\t<div class=\"e-con-inner\">\n\t\t<div class=\"elementor-element elementor-element-a6a551d e-con-full e-flex e-con e-child\" data-id=\"a6a551d\" data-element_type=\"container\">\n\t\t\t\t<div class=\"elementor-element elementor-element-20c5a64 elementor-widget elementor-widget-heading\" data-id=\"20c5a64\" data-element_type=\"widget\" data-widget_type=\"heading.default\">\n\t\t\t\t<div class=\"elementor-widget-container\">\n\t\t\t\t\t<h1 class=\"elementor-heading-title elementor-size-default\">Politique de confidentialit\u00e9 Du Site web<\/h1>\t\t\t\t<\/div>\n\t\t\t\t<\/div>\n\t\t\t\t<div class=\"elementor-element elementor-element-b30e41b elementor-widget elementor-widget-heading\" data-id=\"b30e41b\" data-element_type=\"widget\" data-widget_type=\"heading.default\">\n\t\t\t\t<div class=\"elementor-widget-container\">\n\t\t\t\t\t<p class=\"elementor-heading-title elementor-size-default\"><a href=\"https:\/\/arppatechnologies.com\/fr\/\">https:\/\/arppatechnologies.com<\/a><\/p>\t\t\t\t<\/div>\n\t\t\t\t<\/div>\n\t\t\t\t<\/div>\n\t\t\t\t\t<\/div>\n\t\t\t\t<\/div>\n\t\t<div class=\"elementor-element elementor-element-4a9a365c e-flex e-con-boxed e-con e-parent\" data-id=\"4a9a365c\" data-element_type=\"container\">\n\t\t\t\t\t<div class=\"e-con-inner\">\n\t\t\t\t<div class=\"elementor-element elementor-element-7b488545 elementor-widget elementor-widget-text-editor\" data-id=\"7b488545\" data-element_type=\"widget\" data-widget_type=\"text-editor.default\">\n\t\t\t\t<div class=\"elementor-widget-container\">\n\t\t\t\t\t\t\t\t\t<h2>I. POLITIQUE de CONFIDENTIALIT\u00c9 ET PROTECTION des DONN\u00c9ES<\/h2>\n<p>Conform\u00e9ment \u00e0 la l\u00e9gislation en vigueur, ARPPA TECHNOLOGIES, ltd. (ci-apr\u00e8s le &#034;Site&#034;) s&#039;engage \u00e0 adopter les mesures techniques et d&#039;organisation, en fonction du niveau de s\u00e9curit\u00e9 adapt\u00e9 au risque de la collecte de donn\u00e9es.<\/p>\n<h3>Droit Applicable<\/h3>\n<p>Cette politique de confidentialit\u00e9 est adapt\u00e9 \u00e0 la l\u00e9gislation espagnole et europ\u00e9enne en vigueur dans le domaine de la protection des donn\u00e9es personnelles sur internet. En particulier, est conforme aux normes suivantes:<\/p>\n<ul>\n<li>R\u00e8glement (UE) 2016\/679 du Parlement Europ\u00e9en et du Conseil, du 27 avril 2016 sur la protection des personnes physiques \u00e0 l&#039;\u00e9gard du traitement des donn\u00e9es \u00e0 caract\u00e8re personnel et \u00e0 la libre circulation de ces donn\u00e9es (RGPD).<\/li>\n<li>La loi organique 3\/2018, du 5 d\u00e9cembre, sur la Protection des Donn\u00e9es Personnelles et de garantie des droits num\u00e9riques (LOPD-GDD).<\/li>\n<li>Le D\u00e9cret Royal 1720\/2007, du 21 d\u00e9cembre, qui approuve le R\u00e8glement de d\u00e9veloppement de la Loi Organique 15\/1999, du 13 d\u00e9cembre, de Protection des Donn\u00e9es Personnelles (RDLOPD).<\/li>\n<li>La loi 34\/2002, du 11 juillet, sur les Services de la Soci\u00e9t\u00e9 de l&#039;Information et du Commerce \u00c9lectronique (LSSI-CE).<\/li>\n<\/ul>\n<h2>II. IDENTIT\u00c9 DU RESPONSABLE DU TRAITEMENT<\/h2>\n<p>Le contr\u00f4leur des donn\u00e9es \u00e0 caract\u00e8re personnel collect\u00e9es par le biais de ce Site web est:<\/p>\n<ul>\n<li>ARPPA TECHNOLOGIES, SL<\/li>\n<li>Adresse: C\/Llano Ponte, 28, Sous \u2013 33011 Oviedo (Asturias), Espagne<\/li>\n<li>Contact t\u00e9l\u00e9phone: (+34) 985 20 56 51<\/li>\n<li>E-mail: comitedeseguridad@arppalogic.com<\/li>\n<\/ul>\n<h2>III. LES INFORMATIONS QUE NOUS RECUEILLONS<\/h2>\n<p>Nous recueillons des donn\u00e9es personnelles dans les cas suivants:<\/p>\n<ol>\n<li><strong>Les informations de Contact<\/strong>: Nom, pr\u00e9nom, e-mail, num\u00e9ro de t\u00e9l\u00e9phone, adresse physique et toute autre information fournie sur les formulaires de contact.<\/li>\n<li><strong>Les donn\u00e9es de navigation<\/strong>: Donn\u00e9es recueillies par le biais des cookies et des technologies similaires, telles que l&#039;adresse IP, type de navigateur utilis\u00e9, syst\u00e8me d&#039;exploitation, l&#039;URL de r\u00e9f\u00e9rence, le temps d&#039;acc\u00e8s et de pages vues.<\/li>\n<li><strong>L&#039;utilisation d&#039;outils tiers<\/strong>: Nous utilisons google analytics services par des tiers tels que Google Analytics et Microsoft Clart\u00e9, qui collectent des informations de navigation et d&#039;utilisation du site web par l&#039;utilisation de cookies afin de nous aider \u00e0 analyser la fa\u00e7on dont les utilisateurs interagissent avec le Site.<\/li>\n<\/ol>\n<h2>IV. UTILISATION DES COOKIES ET DES OUTILS D&#039;ANALYSE<\/h2>\n<p>Ce Site web utilise Google Analytics et Microsoft Clart\u00e9 d&#039;analyser le comportement des utilisateurs et pour am\u00e9liorer l&#039;exp\u00e9rience en ligne. Ces outils de recueillir des donn\u00e9es telles que:<\/p>\n<ul>\n<li>Les Pages visit\u00e9es et la dur\u00e9e de la visite.<\/li>\n<li>Des \u00e9v\u00e9nements sp\u00e9cifiques tels que les clics, le d\u00e9filement et le visionnement de contenu.<\/li>\n<li>Informations techniques sur l&#039;appareil de l&#039;utilisateur (navigateur, r\u00e9solution de l&#039;\u00e9cran, syst\u00e8me d&#039;exploitation).<\/li>\n<\/ul>\n<p>Les donn\u00e9es collect\u00e9es sont anonymes et ne permettent pas l&#039;identification personnelle des utilisateurs directs. Toutefois, dans certains cas, ces tiers peuvent traiter des donn\u00e9es suppl\u00e9mentaires, conform\u00e9ment \u00e0 leurs propres politiques de confidentialit\u00e9:<\/p>\n<ul>\n<li>Politique de confidentialit\u00e9 de Google Analytics<\/li>\n<li><a href=\"https:\/\/privacy.microsoft.com\/\" rel=\"nofollow noopener\" target=\"_blank\">Politique de confidentialit\u00e9 de Microsoft Clart\u00e9<\/a><\/li>\n<\/ul>\n<p>Vous pouvez d\u00e9sactiver l&#039;utilisation de cookies en modifiant les param\u00e8tres de votre navigateur, mais cela peut affecter la fonctionnalit\u00e9 du Site web.<\/p>\n<h2>V. LES FINALIT\u00c9S du TRAITEMENT DES DONN\u00c9ES \u00e0 caract\u00e8re PERSONNEL<\/h2>\n<p>Les donn\u00e9es personnelles que nous recueillons sont utilis\u00e9es pour les finalit\u00e9s suivantes:<\/p>\n<ol>\n<li>R\u00e9pondre aux questions et de fournir les renseignements demand\u00e9s.<\/li>\n<li>Pour am\u00e9liorer la navigation et la fonctionnalit\u00e9 du Site Web par l&#039;utilisation d&#039;outils d&#039;analyse.<\/li>\n<li>Respecter les obligations l\u00e9gales et \u00e0 prot\u00e9ger les droits de ARPPA TECHNOLOGIES, SL<\/li>\n<li>\u00c0 des fins commerciales et \u00e0 des fins de marketing: Si vous donnez votre consentement, nous pouvons vous envoyer des informations commerciales en rapport avec nos services.<\/li>\n<\/ol>\n<h2>VI. LA BASE JURIDIQUE POUR LE TRAITEMENT<\/h2>\n<p>Le traitement des donn\u00e9es personnelles est effectu\u00e9e sur la base de:<\/p>\n<ol>\n<li><strong>Consentement<\/strong> (Art. 6(1)(a) RGPD): L&#039;utilisation des cookies et des outils d&#039;analyse n\u00e9cessite votre accord, que vous pouvez r\u00e9voquer \u00e0 tout moment.<\/li>\n<li><strong>Int\u00e9r\u00eats l\u00e9gitimes<\/strong> (Art. 6(1)(f) RGPD): Pour am\u00e9liorer nos services et de mieux comprendre le comportement de l&#039;utilisateur sur le Site Web.<\/li>\n<li><strong>La conformit\u00e9 avec les obligations l\u00e9gales.<\/strong> (Art. 6(1)(c) RGPD): Lorsque le traitement est n\u00e9cessaire pour se conformer \u00e0 une obligation l\u00e9gale.<\/li>\n<\/ol>\n<h2>VII. L&#039;ENREGISTREMENT DES DONN\u00c9ES PERSONNELLES<\/h2>\n<p>En conformit\u00e9 avec ce qui est \u00e9tabli dans la RGPD et de la LOPD-GDD, nous vous informons que les donn\u00e9es \u00e0 caract\u00e8re personnel collect\u00e9es par ARPPA TECHNOLOGIES, SL, par le biais des formulaires pr\u00e9sents sur le Site web seront incorpor\u00e9es et trait\u00e9es dans un fichier sous notre responsabilit\u00e9, dans le but de faciliter, d&#039;acc\u00e9l\u00e9rer et de respecter les engagements \u00e9tablis entre ARPPA TECHNOLOGIES, SL et l&#039;Utilisateur ou pour g\u00e9rer les demandes des Utilisateurs.<\/p>\n<p>Aussi, \u00e0 moins que l&#039;application de la d\u00e9rogation pr\u00e9vue \u00e0 l&#039;article 30.5 de la RGPD, il conserve un enregistrement des activit\u00e9s de transformation que les d\u00e9tails fins et les autres circonstances qui s&#039;appliquent aux donn\u00e9es \u00e0 caract\u00e8re personnel trait\u00e9es.<\/p>\n<p><strong>Les principes applicables au traitement des donn\u00e9es \u00e0 caract\u00e8re personnel:<\/strong><\/p>\n<p>ARPPA TECHNOLOGIES, SL s&#039;engage \u00e0 respecter les principes \u00e9nonc\u00e9s \u00e0 l&#039;article 5 de la RGPD et de la Loi Organique 3\/2018, qui comprennent:<\/p>\n<ul>\n<li><strong>La l\u00e9galit\u00e9, la loyaut\u00e9 et la transparence<\/strong>: Le consentement doit \u00eatre \u00e9clair\u00e9, clair et explicite.<\/li>\n<li><strong>La limitation de la finalit\u00e9<\/strong>: Les donn\u00e9es seront trait\u00e9es uniquement aux fins pour lesquelles elles ont \u00e9t\u00e9 collect\u00e9es.<\/li>\n<li><strong>Minimisation des donn\u00e9es<\/strong>: Ne recueillons les donn\u00e9es qui sont absolument n\u00e9cessaires.<\/li>\n<li><strong>Pr\u00e9cision<\/strong>Les donn\u00e9es personnelles doivent \u00eatre exactes et tenues \u00e0 jour.<\/li>\n<li><strong>La Limitation de la dur\u00e9e de conservation<\/strong>: Les donn\u00e9es ne seront conserv\u00e9es que pour la dur\u00e9e n\u00e9cessaire.<\/li>\n<li><strong>L&#039;int\u00e9grit\u00e9 et la confidentialit\u00e9<\/strong>: Les donn\u00e9es seront trait\u00e9es en toute s\u00e9curit\u00e9.<\/li>\n<li><strong>La responsabilit\u00e9 proactive<\/strong>: ARPPA TECHNOLOGIES, SL garantissez que vous r\u00e9pondez \u00e0 ces principes.<\/li>\n<\/ul>\n<p><strong>Les cat\u00e9gories de donn\u00e9es \u00e0 caract\u00e8re personnel:<\/strong><\/p>\n<p>Les cat\u00e9gories de donn\u00e9es trait\u00e9es par ARPPA TECHNOLOGIES, SL ne sont donn\u00e9es d&#039;identification. Pas trait\u00e9 \u00e0 des cat\u00e9gories particuli\u00e8res de donn\u00e9es \u00e0 caract\u00e8re personnel.<\/p>\n<h2>VIII. LE PARTAGE DE L&#039;INFORMATION<\/h2>\n<p>Nous pouvons partager les informations avec les tiers suivants:<\/p>\n<ol>\n<li>Les fournisseurs de services d&#039;analyse, y Compris Google Analytics et Microsoft Clart\u00e9, d&#039;analyser le comportement de l&#039;utilisateur sur le Site Web.<\/li>\n<li>Les autorit\u00e9s l\u00e9gales: Lorsqu&#039;il est n\u00e9cessaire de se conformer aux lois et r\u00e8glements applicables.<\/li>\n<li>Les affili\u00e9s et les partenaires d&#039;affaires: Pour les op\u00e9rations internes et \/ ou des activit\u00e9s de marketing, avec le consentement pr\u00e9alable de l&#039;Utilisateur.<\/li>\n<\/ol>\n<h2>IX. LA S\u00c9CURIT\u00c9 DES DONN\u00c9ES<\/h2>\n<p>ARPPA TECHNOLOGIES, SL s&#039;engage \u00e0 adopter les mesures techniques et organisationnelles n\u00e9cessaires pour assurer la s\u00e9curit\u00e9 des donn\u00e9es personnelles, y compris la mise en place d&#039;un certificat SSL pour garantir la transmission crypt\u00e9e des donn\u00e9es.<\/p>\n<p>Dans le cas d&#039;une violation de la s\u00e9curit\u00e9 des donn\u00e9es personnelles, ARPPA TECHNOLOGIES, SL s&#039;engage \u00e0 en informer l&#039;Utilisateur, sans retard indu.<\/p>\n<h2>X. DROITS DE l&#039;UTILISATEUR<\/h2>\n<p>L&#039;Utilisateur a les droits suivants, que vous pouvez exercer en envoyant un courriel \u00e0 comitedeseguridad@arppalogic.com:<\/p>\n<ul>\n<li><strong>Droit d&#039;acc\u00e8s<\/strong>: Pour savoir si ARPPA TECHNOLOGIES, SL est le traitement de vos donn\u00e9es personnelles.<\/li>\n<li><strong>Droit de rectification<\/strong>: Demander la rectification de donn\u00e9es inexactes ou incompl\u00e8tes.<\/li>\n<li><strong>Droit \u00e0 l&#039;effacement (&#034;droit \u00e0 l&#039;oubli&#034;)<\/strong>: Demander la suppression de leurs donn\u00e9es dans certains cas.<\/li>\n<li><strong>Droit \u00e0 la limitation du traitement<\/strong>: Limiter le traitement dans des conditions particuli\u00e8res.<\/li>\n<li><strong>Droit \u00e0 la portabilit\u00e9 des donn\u00e9es<\/strong>Recevez leurs donn\u00e9es dans un format structur\u00e9.<\/li>\n<li><strong>Droit d&#039;opposition<\/strong>: S&#039;opposer au traitement de leurs donn\u00e9es.<\/li>\n<li><strong>Droit de ne pas \u00eatre soumis \u00e0 des d\u00e9cisions automatis\u00e9es<\/strong>: Exclus des d\u00e9cisions bas\u00e9es uniquement sur un traitement automatis\u00e9.<\/li>\n<\/ul>\n<h2>XI. P\u00c9RIODE DE CONSERVATION<\/h2>\n<p>Nous conserverons vos donn\u00e9es personnelles pendant la p\u00e9riode n\u00e9cessaire pour atteindre les fins d\u00e9crites dans la pr\u00e9sente politique, ou jusqu&#039;\u00e0 ce que vous en demander la suppression. Les donn\u00e9es de navigation sont conserv\u00e9es pour une dur\u00e9e maximale de 12 mois.<\/p>\n<h2>XII. MINEURS<\/h2>\n<p>Seuls ceux de plus de 14 ans peut donner son consentement au traitement de vos donn\u00e9es personnelles par ARPPA TECHNOLOGIES, SL Si c&#039;est un mineur de plus de 14 ans, seront n\u00e9cessaires pour que le consentement des parents ou tuteurs.<\/p>\n<h2>XIII. LES CHANGEMENTS DANS LA POLITIQUE DE CONFIDENTIALIT\u00c9<\/h2>\n<p>ARPPA TECHNOLOGIES, SL se r\u00e9serve le droit de modifier sa Politique de Confidentialit\u00e9 en int\u00e9grant les \u00e9volutions l\u00e9gislatives, jurisprudentielles ou doctrinales. L&#039;Utilisateur est invit\u00e9 \u00e0 consulter r\u00e9guli\u00e8rement cette page.<\/p>\n<h2>XIV. CONTACT<\/h2>\n<p>Si vous avez des questions ou des pr\u00e9occupations concernant notre Politique de Confidentialit\u00e9, vous pouvez nous contacter par:<\/p>\n<ul>\n<li>E-mail: comitedeseguridad@arppalogic.com<\/li>\n<li>T\u00e9l\u00e9phone: (+34) 985 20 56 51<\/li>\n<li>Adresse postale: C\/Llano Ponte, 28, Sous \u2013 33011 Oviedo (Asturias), Espagne<\/li>\n<\/ul>\n<p>\u00a0<\/p>\n<p>Derni\u00e8re mise \u00e0 jour: 13\/09\/2024<\/p>\n<p>\u00a0<\/p>\t\t\t\t\t\t\t\t<\/div>\n\t\t\t\t<\/div>\n\t\t\t\t\t<\/div>\n\t\t\t\t<\/div>\n\t\t\t\t<\/div>","protected":false},"excerpt":{"rendered":"<p>Politique de confidentialit\u00e9 du site Web https:\/\/arppatechnologies.com I. POLITIQUE DE CONFIDENTIALIT\u00c9 ET DE PROTECTION DES DONN\u00c9ES En respectant les dispositions de la l\u00e9gislation en vigueur, ARPPA TECHNOLOGIES, SL (ci-apr\u00e8s \u00e9galement \u00ab Site Web \u00bb) s&#039;engage \u00e0 adopter les mesures techniques et organisationnelles n\u00e9cessaires, selon au niveau de s\u00e9curit\u00e9 adapt\u00e9 au risque des donn\u00e9es collect\u00e9es. L\u00e9gislation applicable Ce [\u2026]<\/p>","protected":false},"author":1,"featured_media":0,"parent":0,"menu_order":0,"comment_status":"closed","ping_status":"closed","template":"","meta":{"footnotes":""},"class_list":["post-7187","page","type-page","status-publish","hentry"],"_links":{"self":[{"href":"https:\/\/arppatechnologies.com\/fr\/wp-json\/wp\/v2\/pages\/7187","targetHints":{"allow":["GET"]}}],"collection":[{"href":"https:\/\/arppatechnologies.com\/fr\/wp-json\/wp\/v2\/pages"}],"about":[{"href":"https:\/\/arppatechnologies.com\/fr\/wp-json\/wp\/v2\/types\/page"}],"author":[{"embeddable":true,"href":"https:\/\/arppatechnologies.com\/fr\/wp-json\/wp\/v2\/users\/1"}],"replies":[{"embeddable":true,"href":"https:\/\/arppatechnologies.com\/fr\/wp-json\/wp\/v2\/comments?post=7187"}],"version-history":[{"count":1,"href":"https:\/\/arppatechnologies.com\/fr\/wp-json\/wp\/v2\/pages\/7187\/revisions"}],"predecessor-version":[{"id":7738,"href":"https:\/\/arppatechnologies.com\/fr\/wp-json\/wp\/v2\/pages\/7187\/revisions\/7738"}],"wp:attachment":[{"href":"https:\/\/arppatechnologies.com\/fr\/wp-json\/wp\/v2\/media?parent=7187"}],"curies":[{"name":"wp","href":"https:\/\/api.w.org\/{rel}","templated":true}]}}