{"id":7187,"date":"2024-09-13T09:26:04","date_gmt":"2024-09-13T09:26:04","guid":{"rendered":"https:\/\/arppatechnologies.com\/?page_id=7187"},"modified":"2024-09-17T22:02:19","modified_gmt":"2024-09-17T22:02:19","slug":"politica-de-privacidad","status":"publish","type":"page","link":"https:\/\/arppatechnologies.com\/ca\/politica-de-privacitat\/","title":{"rendered":"Pol\u00edtica de Privadesa"},"content":{"rendered":"<div data-elementor-type=\"wp-page\" data-elementor-id=\"7187\" class=\"elementor elementor-7187\" data-elementor-post-type=\"page\">\n\t\t\t\t<div class=\"elementor-element elementor-element-746309d e-flex e-con-boxed e-con e-parent\" data-id=\"746309d\" data-element_type=\"container\" data-settings=\"{&quot;background_background&quot;:&quot;classic&quot;}\">\n\t\t\t\t\t<div class=\"e-con-inner\">\n\t\t<div class=\"elementor-element elementor-element-a6a551d e-con-full e-flex e-con e-child\" data-id=\"a6a551d\" data-element_type=\"container\">\n\t\t\t\t<div class=\"elementor-element elementor-element-20c5a64 elementor-widget elementor-widget-heading\" data-id=\"20c5a64\" data-element_type=\"widget\" data-widget_type=\"heading.default\">\n\t\t\t\t<div class=\"elementor-widget-container\">\n\t\t\t\t\t<h1 class=\"elementor-heading-title elementor-size-default\">Pol\u00edtica de privacitat Del lloc Web<\/h1>\t\t\t\t<\/div>\n\t\t\t\t<\/div>\n\t\t\t\t<div class=\"elementor-element elementor-element-b30e41b elementor-widget elementor-widget-heading\" data-id=\"b30e41b\" data-element_type=\"widget\" data-widget_type=\"heading.default\">\n\t\t\t\t<div class=\"elementor-widget-container\">\n\t\t\t\t\t<p class=\"elementor-heading-title elementor-size-default\"><a href=\"https:\/\/arppatechnologies.com\/ca\/\">https:\/\/arppatechnologies.com<\/a><\/p>\t\t\t\t<\/div>\n\t\t\t\t<\/div>\n\t\t\t\t<\/div>\n\t\t\t\t\t<\/div>\n\t\t\t\t<\/div>\n\t\t<div class=\"elementor-element elementor-element-4a9a365c e-flex e-con-boxed e-con e-parent\" data-id=\"4a9a365c\" data-element_type=\"container\">\n\t\t\t\t\t<div class=\"e-con-inner\">\n\t\t\t\t<div class=\"elementor-element elementor-element-7b488545 elementor-widget elementor-widget-text-editor\" data-id=\"7b488545\" data-element_type=\"widget\" data-widget_type=\"text-editor.default\">\n\t\t\t\t<div class=\"elementor-widget-container\">\n\t\t\t\t\t\t\t\t\t<h2>I. POL\u00cdTICA de PRIVACITAT I PROTECCI\u00d3 de DADES<\/h2>\n<p>D&#039;acord amb la legislaci\u00f3 vigent, ARPPA TECNOLOGIES, ltd. (en endavant tamb\u00e9 &#034;Lloc Web&#034;) es compromet a adoptar les mesures t\u00e8cniques i organitzatives necess\u00e0ries, segons el nivell de seguretat apropiat al risc de les dades recollides.<\/p>\n<h3>Llei aplicable<\/h3>\n<p>Aquesta pol\u00edtica de privacitat s&#039;adapta a la legislaci\u00f3 espanyola i europea vigent en la mat\u00e8ria de protecci\u00f3 de dades personals a internet. En particular, s&#039;ajusti a les seg\u00fcents normes:<\/p>\n<ul>\n<li>Reglament (UE) 2016\/679 del Parlament Europeu i del Consell, de 27 d&#039;abril de 2016 a la protecci\u00f3 de les persones f\u00edsiques pel que fa al tractament de dades personals i a la lliure circulaci\u00f3 d&#039;aquestes dades (RGPD).<\/li>\n<li>La llei org\u00e0nica 3\/2018, de 5 de desembre, de Protecci\u00f3 de Dades Personals i la garantia de drets digitals (LOPD-GDD).<\/li>\n<li>Reial Decret 1720\/2007, de 21 de desembre, pel qual s&#039;aprova el Reglament de desenvolupament de la Llei Org\u00e0nica 15\/1999, de 13 de desembre, de Protecci\u00f3 de Dades de car\u00e0cter Personal (RDLOPD).<\/li>\n<li>La llei 34\/2002, de 11 de juliol, de Serveis de la Societat de la Informaci\u00f3 i de Comer\u00e7 Electr\u00f2nic (la LSSI-CE).<\/li>\n<\/ul>\n<h2>II. LA IDENTITAT DE LA CONTROLADORA<\/h2>\n<p>El responsable del tractament de dades de car\u00e0cter personal recollides a trav\u00e9s d&#039;aquesta Web \u00e9s:<\/p>\n<ul>\n<li>ARPPA TECHNOLOGIES, SL<\/li>\n<li>Adre\u00e7a: C\/Llano Ponte, 28, Sota 33011 Oviedo (Ast\u00faries), Espanya<\/li>\n<li>Contacte tel\u00e8fon: (+34) 985 20 56 51<\/li>\n<li>E-mail: comitedeseguridad@arppalogic.com<\/li>\n<\/ul>\n<h2>III. LA INFORMACI\u00d3 QUE RECOLLIM<\/h2>\n<p>Recollim dades personals en els seg\u00fcents casos:<\/p>\n<ol>\n<li><strong>Informaci\u00f3 de contacte<\/strong>: Nom, adre\u00e7a de correu electr\u00f2nic, n\u00famero de tel\u00e8fon, adre\u00e7a f\u00edsica i qualsevol altra informaci\u00f3 que es facilita en formularis de contacte.<\/li>\n<li><strong>Dades de navegaci\u00f3<\/strong>: Les dades recollides a trav\u00e9s de cookies i tecnologies similars, com ara l&#039;adre\u00e7a IP, navegador utilitzat, sistema operatiu, URL de refer\u00e8ncia, el temps d&#039;acc\u00e9s i les p\u00e0gines visitades.<\/li>\n<li><strong>Utilitzar eines de tercers<\/strong>: Utilitzem serveis d&#039;an\u00e0lisi per part de tercers, com ara Google Analytics i Microsoft Claredat, que recullen informaci\u00f3 de navegaci\u00f3 i \u00fas del lloc web mitjan\u00e7ant cookies per ajudar-nos a analitzar com els usuaris interactuen amb el lloc Web.<\/li>\n<\/ol>\n<h2>IV. \u00daS DE COOKIES I LES EINES D&#039;AN\u00c0LISI<\/h2>\n<p>Aquesta p\u00e0gina Web utilitza Google Analytics i Microsoft Claredat per analitzar el comportament dels usuaris i millorar l&#039;experi\u00e8ncia en l\u00ednia. Aquestes eines permeten recollir dades com ara:<\/p>\n<ul>\n<li>P\u00e0gines visitades i la longitud de la visita.<\/li>\n<li>Esdeveniments concrets com ara els clics, el despla\u00e7ament i la visualitzaci\u00f3 del contingut.<\/li>\n<li>Informaci\u00f3 t\u00e8cnica sobre el dispositiu de l&#039;usuari (navegador, resoluci\u00f3 de pantalla, sistema operatiu).<\/li>\n<\/ul>\n<p>Les dades recollides s\u00f3n an\u00f2nims i no permeten la identificaci\u00f3 personal dels usuaris directes. No obstant aix\u00f2, en alguns casos, aquests tercers poden proc\u00e9s dades addicionals d&#039;acord amb les seves pr\u00f2pies pol\u00edtiques de privacitat:<\/p>\n<ul>\n<li>Pol\u00edtica de privadesa de Google Analytics<\/li>\n<li><a href=\"https:\/\/privacy.microsoft.com\/\" rel=\"nofollow noopener\" target=\"_blank\">Pol\u00edtica de privacitat de Microsoft Claredat<\/a><\/li>\n<\/ul>\n<p>Vost\u00e8 pot desactivar l&#039;\u00fas de cookies mitjan\u00e7ant la selecci\u00f3 de la configuraci\u00f3 apropiada del seu navegador, per\u00f2 aix\u00f2 pot afectar la funcionalitat de la p\u00e0gina Web.<\/p>\n<h2>V. FINALITATS del TRACTAMENT de DADES DE car\u00e0cter PERSONAL<\/h2>\n<p>Les dades personals que recopilem s&#039;utilitza per a les finalitats seg\u00fcents:<\/p>\n<ol>\n<li>Respondre a les consultes i proporcionar la informaci\u00f3 sol\u00b7licitada.<\/li>\n<li>Per millorar la navegaci\u00f3 i funcionalitat de la p\u00e0gina Web mitjan\u00e7ant l&#039;\u00fas d&#039;eines d&#039;an\u00e0lisi.<\/li>\n<li>Complir amb les obligacions legals i protegir els drets legals de ARPPA TECHNOLOGIES, SL<\/li>\n<li>Comercial i m\u00e0rqueting: en el Cas que faciliteu el vostre consentiment, podrem enviar-li informaci\u00f3 comercial relacionada amb els nostres serveis.<\/li>\n<\/ol>\n<h2>VI. BASE LEGAL PER A LA TRAMITACI\u00d3<\/h2>\n<p>El tractament de dades de car\u00e0cter personal, es realitza sobre la base de:<\/p>\n<ol>\n<li><strong>Consentiment<\/strong> (Art. 6(1)(a) RGPD): L&#039;\u00fas de galetes i eines d&#039;an\u00e0lisi requereix el seu consentiment, el qual es podr\u00e0 revocar en qualsevol moment.<\/li>\n<li><strong>Interessos leg\u00edtims<\/strong> (Art. 6(1)(f) RGPD): millorar els nostres serveis i per entendre millor el comportament de l&#039;usuari en el Lloc Web.<\/li>\n<li><strong>Compliment d&#039;obligacions legals.<\/strong> (Art. 6(1)(c) RGPD): Quan el tractament sigui necessari per complir amb una obligaci\u00f3 legal.<\/li>\n<\/ol>\n<h2>VII. EL REGISTRE DE DADES PERSONALS<\/h2>\n<p>En compliment del que s&#039;estableix en el RGPD i la LOPD-GDD, l&#039;informem que les dades personals recollides per ARPPA TECHNOLOGIES, SL, a trav\u00e9s dels formularis presents en el lloc Web seran incorporades i tractades a un fitxer sota la nostra responsabilitat, per tal de facilitar, agilitzar i complir els compromisos establerts entre ARPPA TECHNOLOGIES, SL i l&#039;Usuari o a gestionar les peticions dels Usuaris.<\/p>\n<p>Tamb\u00e9, llevat que l&#039;aplicaci\u00f3 de l&#039;excepci\u00f3 prevista en l&#039;article 30.5 de la RGPD, es guarda un registre de la tramitaci\u00f3 de les activitats que detalla les finalitats i altres circumst\u00e0ncies aplicable a les dades personals tractades.<\/p>\n<p><strong>Principis aplicables al tractament de dades de car\u00e0cter personal:<\/strong><\/p>\n<p>ARPPA TECHNOLOGIES, SL es compromet a complir amb els principis establerts en l&#039;article 5 de la RGPD i de la Llei Org\u00e0nica 3\/2018, que inclouen:<\/p>\n<ul>\n<li><strong>Legalitat, la lleialtat i transpar\u00e8ncia<\/strong>: El consentiment ha de ser informat, clar i expl\u00edcit.<\/li>\n<li><strong>Finalitat de la limitaci\u00f3 de<\/strong>: Les dades seran tractades \u00fanicament per a les finalitats espec\u00edfiques per a les quals van ser recollides.<\/li>\n<li><strong>Dades de minimitzaci\u00f3 de<\/strong>: Nom\u00e9s recollim les dades que s\u00f3n absolutament necessaris.<\/li>\n<li><strong>Precisi\u00f3<\/strong>: Dades de car\u00e0cter Personal haur\u00e0 de ser vera\u00e7 i actualitzada.<\/li>\n<li><strong>Limitaci\u00f3 de la conservaci\u00f3 per\u00edode<\/strong>: Les dades nom\u00e9s seran retingudes durant el temps necessari.<\/li>\n<li><strong>La integritat i confidencialitat de<\/strong>: Les dades seran tractades de forma segura.<\/li>\n<li><strong>Responsabilitat proactiva<\/strong>: ARPPA TECHNOLOGIES, SL garanteix que es compleixin aquests principis.<\/li>\n<\/ul>\n<p><strong>Les Categories de dades de car\u00e0cter personal:<\/strong><\/p>\n<p>Les categories de dades gestionades per ARPPA TECHNOLOGIES, SL s\u00f3n nom\u00e9s dades identificatives. No es tracta especials categories de dades de car\u00e0cter personal.<\/p>\n<h2>VIII. LA COMPARTICI\u00d3 D&#039;INFORMACI\u00d3<\/h2>\n<p>Podem compartir la informaci\u00f3 amb els seg\u00fcents tercers:<\/p>\n<ol>\n<li>Els prove\u00efdors de serveis d&#039;an\u00e0lisi, Incloent-hi Google Analytics i Microsoft Claredat, per analitzar el comportament de l&#039;usuari en el Lloc Web.<\/li>\n<li>Autoritats judicials: Quan \u00e9s necessari per complir amb la legislaci\u00f3 i normativa aplicable.<\/li>\n<li>Afiliats i socis de negocis: Per a operacions internes i \/ o les activitats de m\u00e0rqueting, amb el consentiment previ de l&#039;Usuari.<\/li>\n<\/ol>\n<h2>IX. SEGURETAT DE LES DADES<\/h2>\n<p>ARPPA TECHNOLOGIES, SL es compromet a adoptar les mesures t\u00e8cniques i organitzatives necess\u00e0ries per garantir la seguretat de les dades de car\u00e0cter personal, incloent-hi la implantaci\u00f3 d&#039;un certificat SSL per a garantir la transmissi\u00f3 encriptada de dades.<\/p>\n<p>En el sup\u00f2sit de violaci\u00f3 de la seguretat de les dades de car\u00e0cter personal, ARPPA TECHNOLOGIES, SL es compromet a comunicar a l&#039;Usuari, sense dilacions indegudes.<\/p>\n<h2>X. DRETS DE l&#039;USUARI<\/h2>\n<p>L&#039;Usuari t\u00e9 els drets seg\u00fcents, que es pot exercir enviant un correu electr\u00f2nic a comitedeseguridad@arppalogic.com:<\/p>\n<ul>\n<li><strong>Dret d&#039;acc\u00e9s<\/strong>: Per saber si ARPPA TECHNOLOGIES, SL \u00e9s tractar les seves dades de car\u00e0cter personal.<\/li>\n<li><strong>Dret de rectificaci\u00f3<\/strong>: Demanar la modificaci\u00f3 de err\u00f2nia o incompleta de dades.<\/li>\n<li><strong>Dret a cancel\u00b7laci\u00f3 (&#034;dret a l&#039;oblit&#034;)<\/strong>: Sol\u00b7licitar la cancel\u00b7laci\u00f3 de les seves dades en determinats casos.<\/li>\n<li><strong>Dret a la restricci\u00f3 de processament<\/strong>: Limitar el tractament en determinades circumst\u00e0ncies.<\/li>\n<li><strong>Dret a la portabilitat de dades<\/strong>Reben les seves dades en un format estructurat.<\/li>\n<li><strong>Dret d&#039;oposici\u00f3<\/strong>: Oposar-se al tractament de les seves dades.<\/li>\n<li><strong>Dret a no ser sotm\u00e8s a automatitzat decisions<\/strong>: Queden exclosos de les decisions basades \u00fanicament en el seu tractament automatitzat.<\/li>\n<\/ul>\n<h2>XI. PER\u00cdODE DE CONSERVACI\u00d3<\/h2>\n<p>Conservarem les seves dades personals durant el temps necessari per complir amb les finalitats descrites en aquesta pol\u00edtica, o fins que demanar la seva supressi\u00f3. Les dades de navegaci\u00f3 s\u00f3n retingudes per un m\u00e0xim de 12 mesos.<\/p>\n<h2>XII. MENORS d&#039;edat<\/h2>\n<p>Nom\u00e9s els majors de 14 anys pot donar consentiment per al tractament automatitzat de les seves dades personals per ARPPA TECHNOLOGIES, SL Si \u00e9s un menor de 14 anys, ser\u00e0 necessari el consentiment dels pares o tutors.<\/p>\n<h2>XIII. CANVIS EN LA POL\u00cdTICA DE PRIVACITAT<\/h2>\n<p>ARPPA TECHNOLOGIES, SL es reserva el dret de modificar la seva Pol\u00edtica de Privacitat d&#039;acord amb els canvis legislatius, jurisprudencials o doctrinal. L&#039;Usuari es recomana consultar peri\u00f2dicament aquesta p\u00e0gina.<\/p>\n<h2>XIV. CONTACTE<\/h2>\n<p>Si vost\u00e8 t\u00e9 alguna pregunta o dubte sobre la nostra Pol\u00edtica de Privadesa, podeu contactar amb nosaltres a trav\u00e9s de:<\/p>\n<ul>\n<li>E-mail: comitedeseguridad@arppalogic.com<\/li>\n<li>Tel\u00e8fon: (+34) 985 20 56 51<\/li>\n<li>Adre\u00e7a Postal: C\/Llano Ponte, 28, Sota 33011 Oviedo (Ast\u00faries), Espanya<\/li>\n<\/ul>\n<p>\u00a0<\/p>\n<p>\u00daltima actualitzaci\u00f3: 13\/09\/2024<\/p>\n<p>\u00a0<\/p>\t\t\t\t\t\t\t\t<\/div>\n\t\t\t\t<\/div>\n\t\t\t\t\t<\/div>\n\t\t\t\t<\/div>\n\t\t\t\t<\/div>","protected":false},"excerpt":{"rendered":"<p>Pol\u00edtica de Privadesa Del Lloc Web https:\/\/arppatechnologies.com I. POL\u00cdTICA DE PRIVACITAT I PROTECCI\u00d3 DE DADES Respectant el que estableix la legislaci\u00f3 vigent, ARPPA TECHNOLOGIES, SL (d&#039;ara endavant, tamb\u00e9 Lloc Web) es compromet a adoptar les mesures t\u00e8cniques i organitzatives necess\u00e0ries, segons el nivell de seguretat adequat al. Legislaci\u00f3 aplicable Aquesta [\u2026]<\/p>","protected":false},"author":1,"featured_media":0,"parent":0,"menu_order":0,"comment_status":"closed","ping_status":"closed","template":"","meta":{"footnotes":""},"class_list":["post-7187","page","type-page","status-publish","hentry"],"_links":{"self":[{"href":"https:\/\/arppatechnologies.com\/ca\/wp-json\/wp\/v2\/pages\/7187","targetHints":{"allow":["GET"]}}],"collection":[{"href":"https:\/\/arppatechnologies.com\/ca\/wp-json\/wp\/v2\/pages"}],"about":[{"href":"https:\/\/arppatechnologies.com\/ca\/wp-json\/wp\/v2\/types\/page"}],"author":[{"embeddable":true,"href":"https:\/\/arppatechnologies.com\/ca\/wp-json\/wp\/v2\/users\/1"}],"replies":[{"embeddable":true,"href":"https:\/\/arppatechnologies.com\/ca\/wp-json\/wp\/v2\/comments?post=7187"}],"version-history":[{"count":1,"href":"https:\/\/arppatechnologies.com\/ca\/wp-json\/wp\/v2\/pages\/7187\/revisions"}],"predecessor-version":[{"id":7738,"href":"https:\/\/arppatechnologies.com\/ca\/wp-json\/wp\/v2\/pages\/7187\/revisions\/7738"}],"wp:attachment":[{"href":"https:\/\/arppatechnologies.com\/ca\/wp-json\/wp\/v2\/media?parent=7187"}],"curies":[{"name":"wp","href":"https:\/\/api.w.org\/{rel}","templated":true}]}}